{"id":2006,"date":"2025-10-29T07:33:08","date_gmt":"2025-10-29T07:33:08","guid":{"rendered":"https:\/\/ariaverdi.ro\/?page_id=2006"},"modified":"2025-10-29T07:41:01","modified_gmt":"2025-10-29T07:41:01","slug":"termeni-si-conditii","status":"publish","type":"page","link":"https:\/\/ariaverdi.ro\/en\/termeni-si-conditii\/","title":{"rendered":"Terms and Conditions"},"content":{"rendered":"<div data-elementor-type=\"wp-page\" data-elementor-id=\"2006\" class=\"elementor elementor-2006\" data-elementor-post-type=\"page\">\n\t\t\t\t<div class=\"elementor-element elementor-element-c1f70f6 e-flex e-con-boxed e-con e-parent\" data-id=\"c1f70f6\" data-element_type=\"container\" data-e-type=\"container\">\n\t\t\t\t\t<div class=\"e-con-inner\">\n\t\t<div class=\"elementor-element elementor-element-2aed746 e-con-full e-flex e-con e-child\" data-id=\"2aed746\" data-element_type=\"container\" data-e-type=\"container\">\n\t\t\t\t<div class=\"elementor-element elementor-element-0583eec elementor-widget elementor-widget-heading\" data-id=\"0583eec\" data-element_type=\"widget\" data-e-type=\"widget\" data-widget_type=\"heading.default\">\n\t\t\t\t<div class=\"elementor-widget-container\">\n\t\t\t\t\t<h2 class=\"elementor-heading-title elementor-size-default\">Terms and Conditions<\/h2>\t\t\t\t<\/div>\n\t\t\t\t<\/div>\n\t\t<div class=\"elementor-element elementor-element-ecaa2b4 e-con-full e-flex e-con e-child\" data-id=\"ecaa2b4\" data-element_type=\"container\" data-e-type=\"container\">\n\t\t\t\t<div class=\"elementor-element elementor-element-e6f2f41 elementor-widget elementor-widget-text-editor\" data-id=\"e6f2f41\" data-element_type=\"widget\" data-e-type=\"widget\" data-widget_type=\"text-editor.default\">\n\t\t\t\t<div class=\"elementor-widget-container\">\n\t\t\t\t\t\t\t\t\t<p><span data-contrast=\"auto\">Site-ul <\/span><a href=\"https:\/\/ariaverdi.ro\/en\/\"><span data-contrast=\"none\">www.ariaverdi.ro<\/span><\/a><span data-contrast=\"auto\"> se afl\u0103 \u00een proprietatea <\/span><b><span data-contrast=\"auto\">ARIA VERDI DEVELOPMENT S.R.L., <\/span><\/b><span data-contrast=\"auto\">societate cu r\u0103spundere limitat\u0103, \u00eenfiin\u021bat\u0103 \u0219i func\u021bion\u00e2nd \u00een conformitate cu legile din Romania, cu sediul social in Bucuresti, Sectorul 1, Drumul Padurea Mogosoaia, Nr. 31-41, corp B, biroul nr. 5, Etaj 1, \u00eenmatriculat\u0103 la Oficiul Registrului Comertului sub nr. J2021002599408, Cod Unic de Inregistrare 43733668, atribut fiscal \u201eRO\u201d, companie parte a Grupului <\/span><b><span data-contrast=\"auto\">IMPACT Developer &amp; Contractor<\/span><\/b><span data-contrast=\"auto\">.\u00a0<\/span><span data-ccp-props=\"{&quot;335551550&quot;:6,&quot;335551620&quot;:6}\">\u00a0<\/span><\/p><p><span data-contrast=\"auto\">Accesarea, vizitarea sau\/\u0219i utilizarea site-ului implic\u0103 acceptarea deplin\u0103 \u015fi necondi\u021bionat\u0103 de c\u0103tre utilizator a condi\u021biilor expuse \u00een Termenii \u015fi Condi\u021biile prezente.\u00a0 \u00cen m\u0103sura \u00een care nu agrea\u0163i prezentele condi\u0163ii, ave\u021bi dreptul de a \u00eenceta imediat utilizarea site-ului.<\/span><span data-ccp-props=\"{&quot;335551550&quot;:6,&quot;335551620&quot;:6}\">\u00a0<\/span><\/p><ol><li><b><span data-contrast=\"auto\"> Preciz\u0103ri generale<\/span><\/b><\/li><\/ol><p><span data-contrast=\"auto\">Site-ul <\/span><a href=\"http:\/\/www.ariverdi.ro\/\"><span data-contrast=\"none\">www.ariverdi.ro<\/span><\/a><span data-contrast=\"auto\">\u00a0 reprezint\u0103 un site de prezentare pentru proiectul reziden\u021bial Aria Verdi, precum \u0219i de informare asupra ansamblurilor reziden\u021biale construite \u00een cadrul grupului <\/span><b><span data-contrast=\"auto\">IMPACT Developer &amp; Contractor,<\/span><\/b><span data-contrast=\"auto\"> din care fac parte \u0219i companiile afiliate <\/span><b><span data-contrast=\"auto\">Bergamot Developments SRL, Bergamot Developments Phase II\u00a0 SRL, Greenfield Copou Residence SRL, Impact Finance &amp; Sales SRL <\/span><\/b><span data-contrast=\"auto\">and <\/span><b><span data-contrast=\"auto\">Spatzioo Management SRL<\/span><\/b><span data-contrast=\"auto\"> \u0219i are ca scop\u00a0 facilitarea accesului la informa\u021bii privind disponibilitatea \u0219i posibilit\u0103\u021bile de achizi\u021bionare a unui apartament \u00een cadrul acestor ansambluri reziden\u021biale din Grup.\u00a0<\/span><span data-ccp-props=\"{&quot;335551550&quot;:6,&quot;335551620&quot;:6}\">\u00a0<\/span><\/p><p><span data-contrast=\"auto\">Informa\u021biile prezentate pe site au caracter informativ, condi\u021biile contractuale exacte (inclusiv pre\u021b) fiind stabilite \u00een mod direct cu reprezentan\u021bii dezvoltatorului.<\/span><span data-ccp-props=\"{&quot;335551550&quot;:6,&quot;335551620&quot;:6}\">\u00a0<\/span><\/p><ol start=\"2\"><li><b><span data-contrast=\"auto\">2. Defini\u021bii\u00a0<\/span><\/b><\/li><\/ol><p><b><span data-contrast=\"auto\">Utilizator<\/span><\/b><span data-contrast=\"auto\"> &#8211; orice persoan\u0103 care acceseaz\u0103, navigheaz\u0103 \u0219i\/sau folose\u0219te site-ul sau se aboneaz\u0103 la newsletter.<\/span><span data-ccp-props=\"{&quot;335551550&quot;:6,&quot;335551620&quot;:6}\">\u00a0<\/span><\/p><p><b><span data-contrast=\"auto\">Newsletter <\/span><\/b><span data-contrast=\"auto\">&#8211; orice \u0219tire, informa\u021bie, noutate legat\u0103 de ofertele \u0219i evenimentele organizate de Aria Verdi \u0219i celelalte societ\u0103\u021bi din grupul IMPACT transmis\u0103 utilizatorilor abona\u021bi \u00een modulul de newsletter din cadrul site-ului.<\/span><span data-ccp-props=\"{&quot;335551550&quot;:6,&quot;335551620&quot;:6}\">\u00a0<\/span><\/p><p><b><span data-contrast=\"auto\">Oferta de v\u00e2nzare<\/span><\/b><span data-contrast=\"auto\"> &#8211; oferta de apartamente de v\u00e2nzare publicat\u0103 pe site, valabil\u0103 \u00een limita stocului disponibil. Pentru a afla stocul disponibil este necesar\u0103 contactarea reprezentan\u021bilor de v\u00e2nz\u0103ri. Din motive tehnice \u0219i obiective, legate de actualizarea \u0219i modificarea foarte rapid\u0103 a ofertelor, nu este posibil\u0103 publicarea exact\u0103 a ofertelor disponibile la un moment dat.<\/span><span data-ccp-props=\"{&quot;335551550&quot;:6,&quot;335551620&quot;:6}\">\u00a0<\/span><\/p><p><b><span data-contrast=\"auto\">Client<\/span><\/b><span data-contrast=\"auto\"> &#8211; orice persoan\u0103 fizic\u0103 major\u0103 sau persoan\u0103 juridic\u0103 care acceseaz\u0103 site-ul \u0219i se adreseaz\u0103 <\/span><a href=\"http:\/\/www.luxuria-residence.ro\/\"><span data-contrast=\"auto\">www.luxuria-residence.ro<\/span><\/a><span data-contrast=\"auto\"> pentru a solicita o ofert\u0103 \u00een scopul achizi\u021bion\u0103rii unui apartament sau a solicita programarea unei vizion\u0103ri de apartament.<\/span><span data-ccp-props=\"{&quot;335551550&quot;:6,&quot;335551620&quot;:6}\">\u00a0<\/span><\/p><ol start=\"3\"><li><b><span data-contrast=\"auto\">3. Drepturi de proprietate intelectual\u0103<\/span><\/b><\/li><\/ol><p><span data-contrast=\"auto\">\u00centregul con\u021binut al site-ului &#8211; imagini, texte, grafice, simboluri, elemente de grafic\u0103 web &#8211; este proprietatea de\u021bin\u0103torului site-ului \u0219i a colaboratorilor s\u0103i, drepturile de proprietate intelectual\u0103 fiind protejate de lege. Niciun material de pe acest site nu poate fi reprodus par\u021bial sau integral \u0219i\/sau modificat f\u0103r\u0103 acordul expres prealabil al titularului dreptului de proprietate intelectual\u0103.<\/span><span data-ccp-props=\"{&quot;335551550&quot;:6,&quot;335551620&quot;:6}\">\u00a0<\/span><\/p><p><span data-contrast=\"auto\">Toate informa\u021biile prezentate pe site cu privire la produse (selec\u021bia de apartamente) incluz\u00e2nd pre\u021buri, informa\u021bii, disponibilitatea apartamentelor sunt prezentate cu titlu informativ \u0219i nu reprezint\u0103 o ofert\u0103 ferm\u0103 de a contracta \u0219i nici nu poate angaja r\u0103spunderea <\/span><b><span data-contrast=\"auto\">ARIA VERDI DEVELOPMENT S.R.L<\/span><\/b><span data-contrast=\"auto\">., \u00een lipsa unor acorduri ulterioare.<\/span><span data-ccp-props=\"{&quot;335551550&quot;:6,&quot;335551620&quot;:6}\">\u00a0<\/span><\/p><ol start=\"4\"><li><b><span data-contrast=\"auto\">4. Exonerarea de r\u0103spundere<\/span><\/b><\/li><\/ol><p><b><span data-contrast=\"auto\">ARIA VERDI DEVELOPMENT S.R.L. <\/span><\/b><span data-contrast=\"auto\">nu garanteaz\u0103 c\u0103 utilizarea site-ului \u0219i a serverelor pe care este g\u0103zduit acesta sau c\u0103 desc\u0103rcarea materialelor de pe website nu prezint\u0103 riscul de virusare sau de transmitere a altor componente informatice poten\u021bial daun\u0103toare. A\u0219adar, nu va r\u0103spunde pentru eventuale daune de ordin direct sau indirect, cauzate de accesarea\/vizitarea\/utilizarea site-ului \u0219i a informa\u021biilor de pe acesta.\u00a0<\/span><span data-ccp-props=\"{&quot;335551550&quot;:6,&quot;335551620&quot;:6}\">\u00a0<\/span><\/p><p><b><span data-contrast=\"auto\">ARIA VERDI DEVELOPMENT S.R.L. <\/span><\/b><span data-contrast=\"auto\">nu acord\u0103 garan\u021bie privind con\u021binutul \u0219i folosirea website-ului \u0219i nu poate fi f\u0103cut\u0103 responsabil\u0103 pentru neconcordan\u021be, indisponibilitate sau alte defecte ale site-ului sau ale con\u021binutului s\u0103u, determinate de cauze obiective.<\/span><span data-ccp-props=\"{&quot;335551550&quot;:6,&quot;335551620&quot;:6}\">\u00a0<\/span><\/p><ol start=\"5\"><li><b><span data-contrast=\"auto\">5. Politica de confiden\u021bialitate a datelor \u0219i de protec\u021bie a datelor cu caracter personal<\/span><\/b><\/li><\/ol><p><b><span data-contrast=\"auto\">ARIA VERDI DEVELOPMENT S.R.L. <\/span><\/b><span data-contrast=\"auto\">garanteaz\u0103 confiden\u021bialitatea tuturor datelor \u0219i informa\u021biile comunicate de clien\u021bi.<\/span><span data-ccp-props=\"{&quot;335551550&quot;:6,&quot;335551620&quot;:6}\">\u00a0<\/span><\/p><p><b><span data-contrast=\"auto\">ARIA VERDI DEVELOPMENT S.R.L. <\/span><\/b><span data-contrast=\"auto\">garanteaz\u0103 c\u0103 respect\u0103 prevederile legale \u00een materie de protec\u021bie a datelor cu caracter personal, inclusiv Regulamentul nr. 679 din 27 aprilie 2016 privind protec\u0163ia persoanelor fizice \u00een ceea ce prive\u015fte prelucrarea datelor cu caracter personal \u015fi privind libera circula\u0163ie a acestor date \u015fi de abrogare a Directivei 95\/46\/CE (Regulamentul general privind protec\u0163ia datelor).<\/span><span data-ccp-props=\"{&quot;335551550&quot;:6,&quot;335551620&quot;:6}\">\u00a0<\/span><\/p><p><span data-contrast=\"auto\">Tuturor utilizatorilor le sunt respectate toate drepturile incidente \u00een materie de protec\u021bie a datelor cu caracter personal (ex. dreptul la informare, dreptul de acces, dreptul la rectificare, dreptul la restric\u021bionarea prelucr\u0103rii, dreptul la portabilitate, dreptul de opozi\u021bie, dreptul de \u0219tergere precum \u0219i dreptul de a se adresa justi\u021biei) privind protec\u021bia persoanelor cu privire la prelucrarea datelor cu caracter personal \u0219i libera circula\u021bie a acestor date.<\/span><span data-ccp-props=\"{&quot;335551550&quot;:6,&quot;335551620&quot;:6}\">\u00a0<\/span><\/p><p><span data-contrast=\"auto\">Orice date cu caracter personal ale utilizatorilor precum nume, prenume, num\u0103r de telefon sau adres\u0103 de e-mail colectate prin intermediul site-ului sau comunicate prin po\u0219t\u0103 electronic\u0103 sau prin alt\u0103 modalitate vor fi men\u021binute confiden\u021biale \u0219i nu vor fi divulgate ter\u021bilor.\u00a0<\/span><span data-ccp-props=\"{&quot;335551550&quot;:6,&quot;335551620&quot;:6}\">\u00a0<\/span><\/p><p><span data-contrast=\"auto\">Prelucrarea datelor cu caracter personal este efectuat\u0103 \u00een conformitate cu \u015fi pentru scopurile prev\u0103zute \u00een <\/span><i><span data-contrast=\"auto\">Politica de Confiden\u021bialitate<\/span><\/i><span data-contrast=\"auto\"> and <\/span><i><span data-contrast=\"auto\">Cookie Policy<\/span><\/i> <span data-contrast=\"auto\">si Nota de informare.<\/span><span data-contrast=\"auto\">\u00a0<\/span><span data-ccp-props=\"{&quot;335551550&quot;:6,&quot;335551620&quot;:6}\">\u00a0<\/span><\/p><ol start=\"6\"><li><b><span data-contrast=\"auto\">6. Newsletter<\/span><\/b><\/li><\/ol><p><span data-contrast=\"auto\">Utilizatorii se pot abona la serviciul de newsletter prin completarea c\u00e2mpurilor specifice de pe site (nume \u0219i adresa de e-mail), datele fiind utilizate \u00een scopul transmiterii de mesaje de informare cu privire la produsele \u0219i evenimentele derulate in cadrul Aria Verdi \u0219i celelalte societ\u0103\u021bi din grupul IMPACT, respect\u00e2nd dispozi\u021biile legale \u00een vigoare. Utilizatorul are posibilitatea de a renun\u021ba oric\u00e2nd \u0219i \u00een mod gratuit la servciul newsletter prin bifarea op\u021biunii \u201e<\/span><i><span data-contrast=\"auto\">Dezabonare<\/span><\/i><span data-contrast=\"auto\">\u201d din cadrul newsletterului sau prin transmiterea unei solicit\u0103ri scrise la adresa de e-mail <\/span><a href=\"mailto:dpo@impactsa.ro\"><span data-contrast=\"none\">dpo@impactsa.ro<\/span><\/a><span data-contrast=\"auto\"> prin care se solicit\u0103 \u00een mod expres dezabonarea de la serviciul de newsletter.<\/span><span data-ccp-props=\"{&quot;335551550&quot;:6,&quot;335551620&quot;:6}\">\u00a0<\/span><\/p><ol start=\"7\"><li><b><span data-contrast=\"auto\">7. Fraud\u0103<\/span><\/b><\/li><\/ol><p><b><span data-contrast=\"auto\">ARIA VERDI DEVELOPMENT S.R.L. <\/span><\/b><span data-contrast=\"auto\">a implementat m\u0103suri pentru a reduce riscurile de eroare uman\u0103, furt, fraud\u0103 a datelor \u0219i informa\u021biilor, implement\u00e2nd proceduri \u015fi standarde care s\u0103 protejeze informa\u021biile colectate \u0219i stocate \u00een mediile informatice.<\/span><span data-ccp-props=\"{&quot;335551550&quot;:6,&quot;335551620&quot;:6}\">\u00a0<\/span><\/p><ol start=\"8\"><li><b><span data-contrast=\"auto\">8. Limita de responsabilitate<\/span><\/b><\/li><\/ol><p><span data-contrast=\"auto\">Utilizarea prezentului site se face pe propria r\u0103spundere a utilizatorului. Site-ul este oferit astfel cum este disponibil, respectiv \u201eas it is\u201d \u0219i \u201eas available\u201d, f\u0103r\u0103 reprezent\u0103ri \u0219i garan\u021bii (spre exemplu, disponibilitate, acurate\u021be sau form\u0103 complet\u0103), <\/span><b><span data-contrast=\"auto\">ARIA VERDI DEVELOPMENT S.R.L. <\/span><\/b><span data-contrast=\"auto\">\u0219i afilia\u021bii s\u0103i limit\u00e2ndu-\u0219i r\u0103spunderea fa\u021b\u0103 de oricare \u0219i toate cele mai sus men\u021bionate.<\/span><span data-ccp-props=\"{&quot;335551550&quot;:6,&quot;335551620&quot;:6}\">\u00a0<\/span><\/p><p><span data-contrast=\"auto\">Utilizarea site-ului poate fi afectat\u0103 de numero\u0219i factori \u00een afara controlului <\/span><b><span data-contrast=\"auto\">ARIA VERDI DEVELOPMENT S.R.L.<\/span><\/b><span data-ccp-props=\"{&quot;335551550&quot;:6,&quot;335551620&quot;:6}\">\u00a0<\/span><\/p><p><b><span data-contrast=\"auto\">ARIA VERDI DEVELOPMENT S.R.L. <\/span><\/b><span data-contrast=\"auto\">\u0219i afilia\u021bii s\u0103i nu vor fi responsabili fa\u021b\u0103 de utilizatori sau fa\u021b\u0103 de alte ter\u021be p\u0103r\u021bi pentru vreun prejudiciu suferit ca rezultat al oric\u0103rui eveniment \u0219i pentru nici un fel de prejudiciu suferit de utilizator ca rezultat al oric\u0103rei defec\u021biuni opera\u021bionale, modific\u0103ri sau retrageri a site-ului. \u00cen consecin\u021b\u0103, con\u021binutul website-ului este disponibil f\u0103r\u0103 garan\u021bii, exprese sau implicite inclusiv dar f\u0103r\u0103 a se limita acurate\u021bea, actualitatea \u0219i\/sau integralitatea informa\u021biilor furnizate.<\/span><span data-ccp-props=\"{&quot;335551550&quot;:6,&quot;335551620&quot;:6}\">\u00a0<\/span><\/p><ol start=\"9\"><li><b><span data-contrast=\"auto\">9. For\u021ba major\u0103<\/span><\/b><\/li><\/ol><p><b><span data-contrast=\"auto\">ARIA VERDI DEVELOPMENT S.R.L. <\/span><\/b><span data-contrast=\"auto\">nu va fi \u021binut\u0103 r\u0103spunz\u0103toare pentru neexecutarea obliga\u021biilor sale decurg\u00e2nd din Termenii \u0219i Condi\u021biile prezente, dac\u0103 o astfel de neexecutare la termen \u0219i\/sau executare \u00een mod necorespunz\u0103tor, total sau par\u021bial, este datorat\u0103 unui eveniment de for\u021b\u0103 major\u0103.\u00a0<\/span><span data-ccp-props=\"{&quot;335551550&quot;:6,&quot;335551620&quot;:6}\">\u00a0<\/span><\/p><p><span data-contrast=\"auto\">For\u021b\u0103 major\u0103 este orice eveniment extern imprevizibil, absolut invincibil \u0219i inevitabil.<\/span><span data-ccp-props=\"{&quot;335551550&quot;:6,&quot;335551620&quot;:6}\">\u00a0<\/span><\/p><ol start=\"10\"><li><b><span data-contrast=\"auto\">10. Legea aplicabil\u0103<\/span><\/b><\/li><\/ol><p><span data-contrast=\"auto\">Termenii \u0219i Condi\u021biile prezente \u0219i utilizarea prezentului site sunt guvernate de legile din Rom\u00e2nia. \u00cen caz de apari\u021bie a unor dispute cu privire la Termeni \u0219i Condi\u021biile prezente, se va \u00eencerca o rezolvare pe cale amiabil\u0103 \u00eentre p\u0103r\u021bile implicate. \u00cen cazul \u00een care nu se ajunge la nicio \u00een\u021belegere \u00een acest mod, litigiile vor fi solu\u021bionate de instan\u021bele judec\u0103tore\u0219ti competente din Rom\u00e2nia.<\/span><span data-ccp-props=\"{&quot;335551550&quot;:6,&quot;335551620&quot;:6}\">\u00a0<\/span><\/p><ol start=\"11\"><li><b><span data-contrast=\"auto\">11. Politica de utilizare cookies<\/span><\/b><\/li><\/ol><p><span data-contrast=\"auto\">Site-ul <\/span><a href=\"https:\/\/ariaverdi.ro\/en\/\"><span data-contrast=\"none\">www.ariaverdi.ro<\/span><\/a><span data-contrast=\"auto\"> utilizeaz\u0103 diferite tipuri de cookies. Toate informa\u021biile specifice privind cookie-urile utilizate de acest site pot fi consultate \u00een cadrul <\/span><span data-contrast=\"auto\">Politicii de cookies.<\/span><span data-ccp-props=\"{&quot;335551550&quot;:6,&quot;335551620&quot;:6}\">\u00a0<\/span><\/p><p><span data-ccp-props=\"{}\">\u00a0<\/span><\/p>\t\t\t\t\t\t\t\t<\/div>\n\t\t\t\t<\/div>\n\t\t\t\t<\/div>\n\t\t\t\t<\/div>\n\t\t\t\t\t<\/div>\n\t\t\t\t<\/div>\n\t\t\t\t<\/div>","protected":false},"excerpt":{"rendered":"<p>Termeni si conditii Site-ul www.ariaverdi.ro se afl\u0103 \u00een proprietatea ARIA VERDI DEVELOPMENT S.R.L., societate cu r\u0103spundere limitat\u0103, \u00eenfiin\u021bat\u0103 \u0219i func\u021bion\u00e2nd \u00een conformitate cu legile din Romania, cu sediul social in Bucuresti, Sectorul 1, Drumul Padurea Mogosoaia, Nr. 31-41, corp B, biroul nr. 5, Etaj 1, \u00eenmatriculat\u0103 la Oficiul Registrului Comertului sub nr. J2021002599408, Cod Unic [&hellip;]<\/p>\n","protected":false},"author":4,"featured_media":0,"parent":0,"menu_order":0,"comment_status":"closed","ping_status":"closed","template":"","meta":{"footnotes":""},"class_list":["post-2006","page","type-page","status-publish","hentry"],"_links":{"self":[{"href":"https:\/\/ariaverdi.ro\/en\/wp-json\/wp\/v2\/pages\/2006","targetHints":{"allow":["GET"]}}],"collection":[{"href":"https:\/\/ariaverdi.ro\/en\/wp-json\/wp\/v2\/pages"}],"about":[{"href":"https:\/\/ariaverdi.ro\/en\/wp-json\/wp\/v2\/types\/page"}],"author":[{"embeddable":true,"href":"https:\/\/ariaverdi.ro\/en\/wp-json\/wp\/v2\/users\/4"}],"replies":[{"embeddable":true,"href":"https:\/\/ariaverdi.ro\/en\/wp-json\/wp\/v2\/comments?post=2006"}],"version-history":[{"count":7,"href":"https:\/\/ariaverdi.ro\/en\/wp-json\/wp\/v2\/pages\/2006\/revisions"}],"predecessor-version":[{"id":2018,"href":"https:\/\/ariaverdi.ro\/en\/wp-json\/wp\/v2\/pages\/2006\/revisions\/2018"}],"wp:attachment":[{"href":"https:\/\/ariaverdi.ro\/en\/wp-json\/wp\/v2\/media?parent=2006"}],"curies":[{"name":"wp","href":"https:\/\/api.w.org\/{rel}","templated":true}]}}